{"id":448,"date":"2025-10-01T15:27:25","date_gmt":"2025-10-01T15:27:25","guid":{"rendered":"https:\/\/varkonyiapartman.hu\/?page_id=448"},"modified":"2025-10-01T15:41:13","modified_gmt":"2025-10-01T15:41:13","slug":"hazirend","status":"publish","type":"page","link":"https:\/\/varkonyiapartman.hu\/index.php\/hazirend\/","title":{"rendered":"H\u00e1zirend"},"content":{"rendered":"\n<p><br><strong>Kedves Vend\u00e9geink!<\/strong><br><strong><br><\/strong>K\u00f6sz\u00f6nj\u00fck, hogy a V\u00e1rkonyi Apartmant v\u00e1lasztott\u00e1k gyulai tart\u00f3zkod\u00e1suk idej\u00e9re!<br>Apartmanunkban elt\u00f6lt\u00f6tt zavartalan \u00fcd\u00fcl\u00e9s\u00fck \u00e9rdek\u00e9ben, k\u00e9rj\u00fck, ismerj\u00e9k meg h\u00e1zirend\u00fcnket!<\/p>\n\n\n\n<ol class=\"wp-block-list\">\n<li>A sz\u00e1ll\u00e1shely az \u00e9rkez\u00e9s napj\u00e1n 14:00 \u00f3r\u00e1t\u00f3l foglalhat\u00f3 el. A t\u00e1voz\u00e1s napj\u00e1n k\u00e9rj\u00fck a szob\u00e1t 10:00 \u00f3r\u00e1ig sz\u00edveskedjenek elhagyni! Fontos tudniuk, hogy a bel\u00e9p\u0151k\u00e1rty\u00e1k digit\u00e1lis id\u0151keret szerint m\u0171k\u00f6dnek, ennek megfelel\u0151en a t\u00e1voz\u00e1s napj\u00e1n 10:00 \u00f3ra ut\u00e1n inakt\u00edvv\u00e1 v\u00e1lnak, teh\u00e1t nem biztos\u00edtott tov\u00e1bb a ki \u2013 \u00e9s bel\u00e9p\u00e9s!<\/li>\n\n\n\n<li>K\u00e9rj\u00fck, hogy \u00e9rkez\u00e9skor 1db k\u00e1rty\u00e1t vegyenek ki a sz\u00e9fb\u0151l! A m\u00e1sik k\u00e1rtya biztons\u00e1gi k\u00e1rtyak\u00e9nt funkcion\u00e1l arra az esetre, ha az \u00d6n\u00f6k \u00e1ltal haszn\u00e1lt k\u00e1rtya elt\u0171nik, megs\u00e9r\u00fcl, vagy bent felejtik a szob\u00e1ban.<\/li>\n\n\n\n<li>A bel\u00e9p\u0151k\u00e1rtya nyitja: f\u0151bej\u00e1rt ajtaja, szobaajt\u00f3, k\u00f6zvetlen \u00e1tj\u00e1r\u00e1st biztos\u00edt\u00f3 ajt\u00f3 a V\u00e1rkonyi Bisztr\u00f3 &amp; B\u00e1r fel\u00e9. Az ajt\u00f3k kifele szabadon ny\u00edlnak, befele azonban sz\u00fcks\u00e9ges a k\u00e1rty\u00e1k haszn\u00e1lata. A k\u00e1rtya \u00e9rint\u00e9s\u00e9t\u0151l sz\u00e1m\u00edtott 5 mp m\u00falva a kilincs \u00fajra inakt\u00edvv\u00e1 v\u00e1lik. K\u00e9rj\u00fck, a szob\u00e1juk ajtaj\u00e1t lehet\u0151leg ne z\u00e1rj\u00e1k bel\u00fclr\u0151l is \u2019kulcsra\u2019, mert ha elfelejtik t\u00e1voz\u00e1s el\u0151tt \u2019visszanyitni\u2019, m\u00e1r csak az apartman munkat\u00e1rsainak a seg\u00edts\u00e9g\u00e9vel tudnak visszajutni a szob\u00e1jukba. A szob\u00e1juk ajtaj\u00e1t az itt tart\u00f3zkod\u00e1suk alatt kiz\u00e1r\u00f3lag \u00d6n\u00f6k tudj\u00e1k kinyitni. A szem\u00e9lyzet kiz\u00e1r\u00f3lag abban az esetben l\u00e9p be a szob\u00e1ba, amennyiben azt \u00d6n\u00f6k kifejezetten k\u00e9rik (takar\u00edt\u00e1si ig\u00e9ny), vagy abban az esetben, ha valamilyen probl\u00e9m\u00e1t \u00e9szlelnek.<\/li>\n\n\n\n<li>Amennyiben az e-mailes t\u00e1j\u00e9koztat\u00f3ban szerepl\u0151 online bejelentkez\u00e9ssel \u00e9ltek, a k\u00e1rtyasz\u00e9fb\u0151l kivett k\u00e1rty\u00e1jukkal elfoglalt\u00e1k az apartmanjukat, \u00e9s el\u0151zetesen rendezt\u00e9k a teljes sz\u00e1ll\u00e1sd\u00edjat az esetleges gyermek, vagy kis\u00e1llat fel\u00e1rat is bele\u00e9rtve, \u00fagy nincsen tov\u00e1bbi adminisztrat\u00edv teend\u0151, a sz\u00e1ll\u00e1sd\u00edj megfizet\u00e9s\u00e9r\u0151l sz\u00f3l\u00f3 sz\u00e1ml\u00e1t e-mailben k\u00fcldj\u00fck el az \u00d6n\u00f6k r\u00e9sz\u00e9re.<\/li>\n\n\n\n<li>Amennyiben nem \u00e9ltek az online bejelentkez\u00e9s lehet\u0151s\u00e9g\u00e9vel, vagy helysz\u00edni fizet\u00e9st v\u00e1lasztottak, \u00fagy \u00e9rkez\u00e9skor az apartmanh\u00e1z munkat\u00e1rs\u00e1val szem\u00e9lyesen tal\u00e1lkozniuk sz\u00fcks\u00e9ges az apartman elfoglal\u00e1sa el\u0151tt! Ha elmulasztott\u00e1k 30 perccel az \u00e9rkez\u00e9s el\u0151tt \u00e9rtes\u00edteni a sz\u00e1ll\u00e1shely \u00e1ltal megadott telefonsz\u00e1mon a munkat\u00e1rsunkat, \u00fagy k\u00e9rj\u00fck, halad\u00e9ktalanul jelezz\u00e9k fel\u00e9, hogy meg\u00e9rkeztek \u00e9s v\u00e1rj\u00e1k meg, am\u00edg meg\u00e9rkezik a helysz\u00ednre!<\/li>\n\n\n\n<li>Az \u00fczemeltet\u0151t k\u00e9pvisel\u0151 munkat\u00e1rsunk term\u00e9szetesen akkor is rendelkez\u00e9s\u00fckre \u00e1ll, ha \u00d6n\u00f6k el\u0151zetesen bejelentkeztek. Amennyiben ig\u00e9nylik a szem\u00e9lyes tal\u00e1lkoz\u00e1st, k\u00e9rd\u00e9s\u00fck volna, vagy az id\u0151t\u00f6lt\u00e9s\u00fckh\u00f6z aj\u00e1nl\u00e1sokat szeretn\u00e9nek kapni, k\u00e9rj\u00fck jelezz\u00e9k azt a V\u00e1rkonyi Vend\u00e9gl\u00e1t\u00f3 Kft. fel\u00e9 a +36308712204-es, 0-24 \u00f3r\u00e1ban el\u00e9rhet\u0151 telefonsz\u00e1munkon, ahol meg tudjuk besz\u00e9lni az \u00d6n\u00f6knek legmegfelel\u0151bb szem\u00e9lyes tal\u00e1lkoz\u00e1s id\u0151pontj\u00e1t.<\/li>\n\n\n\n<li>T\u00e1voz\u00e1s napj\u00e1n az apartmanjukat 10:00-ig kell elhagyniuk. A bel\u00e9p\u0151k\u00e1rty\u00e1kat a bej\u00e1rati ajt\u00f3 melletti k\u00e1rtyasz\u00e9fbe sz\u00fcks\u00e9ges visszahelyezni\u00fck. Amennyiben minden rendben volt a pihen\u00e9s\u00fck alatt, \u00e9s nem ig\u00e9nylik a szem\u00e9lyes tal\u00e1lkoz\u00e1st, arra r\u00e9sz\u00fcnkr\u0151l sincsen sz\u00fcks\u00e9g, a saj\u00e1t temp\u00f3jukban, k\u00e9nyelmesen, b\u00e1rmikor el tudnak indulni. Amennyiben azonban b\u00e1rmilyen probl\u00e9m\u00e1t \u00e9szleltek, k\u00e9rj\u00fck, t\u00e1voz\u00e1s el\u0151tt jelezz\u00e9k azt a 0-24 \u00f3r\u00e1ban el\u00e9rhet\u0151 telefonsz\u00e1munkon, \u00e9s v\u00e1rj\u00e1k meg a koll\u00e9g\u00e1nkat az indul\u00e1s el\u0151tt. K\u00f6sz\u00f6nj\u00fck!<\/li>\n\n\n\n<li>K\u00e9s\u0151i kijelentkez\u00e9sre kiz\u00e1r\u00f3lag szezonon k\u00edv\u00fcl, el\u0151zetes egyeztet\u00e9s eset\u00e9n van lehet\u0151s\u00e9g. Amennyiben a t\u00e1voz\u00e1s napj\u00e1n d\u00e9lel\u0151tt 10:00 \u00f3r\u00e1ig nem hagyj\u00e1k el az apartmanjukat, fel\u00e1rat sz\u00e1m\u00edtunk fel. K\u00e9rj\u00fck, hogy amennyiben el\u0151rel\u00e1that\u00f3lag, vagy v\u00e9letlen\u00fcl t\u00fall\u00e9pik a t\u00e1voz\u00e1si id\u0151keretet, a k\u00e1rty\u00e1juk \u00fajra aktiv\u00e1l\u00e1sa miatt vegy\u00e9k fel vel\u00fcnk a kapcsolatot a +36308712204-es telefonsz\u00e1mon!<\/li>\n\n\n\n<li>Apartmanunkban biztos\u00edtott a 24 \u00f3r\u00e1s telefonos \u00fcgyf\u00e9lszolg\u00e1lat, mely a V\u00e1rkonyi Vend\u00e9gl\u00e1t\u00f3 Kft. +36308712204-es telefonsz\u00e1m\u00e1n \u00e9rhet\u0151 el.<br>Egy\u00fattal t\u00e1j\u00e9koztatjuk vend\u00e9geinket, hogy amennyiben olyan probl\u00e9m\u00e1val keresnek meg benn\u00fcnket, amely 19:00 \u2013 7:00 k\u00f6z\u00f6tt szem\u00e9lyes, helysz\u00edni \u00fcgykezel\u00e9st ig\u00e9nyel, 5000 Ft\/alkalom kisz\u00e1ll\u00e1si d\u00edjat sz\u00e1m\u00edtunk fel!<\/li>\n\n\n\n<li>Amennyiben valamilyen okn\u00e1l fogva id\u0151 el\u0151tt el kell utazniuk, a sz\u00e1ll\u00e1sd\u00edj visszat\u00e9r\u00edt\u00e9s\u00e9re nincsen lehet\u0151s\u00e9g.<\/li>\n\n\n\n<li>A sz\u00e1ll\u00e1shelyet csak az el\u0151re egyeztetett l\u00e9tsz\u00e1mban vehetik ig\u00e9nybe vend\u00e9geink.<\/li>\n\n\n\n<li>Vend\u00e9geink l\u00e1togat\u00f3t csak \u00e9s kiz\u00e1r\u00f3lag az \u00fczemeltet\u0151 tudt\u00e1val \u00e9s beleegyez\u00e9s\u00e9vel fogadhatnak.<\/li>\n\n\n\n<li>\u00c9jszaka 22:00 \u00e9s 07:00 \u00f3ra k\u00f6z\u00f6tt mindenki sz\u00e1m\u00e1ra biztos\u00edtani kell a nyugodt pihen\u00e9shez val\u00f3 jogot. K\u00e9rj\u00fck, legyenek erre figyelemmel!<\/li>\n\n\n\n<li>0-1,99 \u00e9ves kor k\u00f6z\u00f6tti csecsem\u0151k \u00e9s kisgyermekek r\u00e9sz\u00e9re hordozhat\u00f3 kis\u00e1gyat, pelenk\u00e1z\u00f3t, babak\u00e1dat, etet\u0151sz\u00e9ket, fell\u00e9p\u0151t, \u00e9s wc sz\u0171k\u00edt\u0151t &#8211; amennyiben azt el\u0151re jelzik sz\u00e1munkra &#8211; a szabad kapacit\u00e1sok m\u00e9rt\u00e9k\u00e9ig d\u00edjmentesen biztos\u00edtani tudunk.<\/li>\n\n\n\n<li>2-17,99 \u00e9ves kor k\u00f6z\u00f6tti gyermekek sz\u00e1m\u00e1ra k\u00e9rj\u00fck, p\u00f3t\u00e1gyazhat\u00f3 szob\u00e1nkban foglaljanak sz\u00e1ll\u00e1st! A k\u00e9t\u00e1gyas szob\u00e1inkban a gyermekek sz\u00fcl\u0151k k\u00f6z\u00f6tti altat\u00e1sa nem praktikus, tekintve, hogy k\u00fcl\u00f6n matraccal rendelkeznek az \u00e1gyaink. Apartmanunk ezt a megold\u00e1st nem t\u00e1mogatja, t\u00f6bbek mellett az\u00e9rt sem mert vesz\u00e9lyes, k\u00e9nyelmetlen, \u00e9s \u00f6sszess\u00e9g\u00e9ben rontja a vend\u00e9g\u00e9lm\u00e9nyt. K\u00e9rj\u00fck erre legyenek figyelemmel!<\/li>\n\n\n\n<li>Amennyiben gyermekkel \u00e9rkeznek, k\u00e9rj\u00fck, el\u0151zetesen jelezz\u00e9k fel\u00e9nk, hogy megfelel\u0151 szob\u00e1t biztos\u00edthassunk az \u00d6n\u00f6k sz\u00e1m\u00e1ra! A helysz\u00ednen szobacser\u00e9re m\u00e1r csak a szabad kapacit\u00e1saink m\u00e9rt\u00e9k\u00e9ig van lehet\u0151s\u00e9g. Amennyiben nem jelzik el\u0151re gyermek\u00fck (gyermekeik) r\u00e9szv\u00e9tel\u00e9t a foglal\u00e1s sor\u00e1n, \u00e9s helyben sem tudunk megfelel\u0151 fekhelyet biztos\u00edtani, el kell utas\u00edtanunk a foglal\u00e1sukat. K\u00e9rj\u00fck sz\u00edves meg\u00e9rt\u00e9s\u00fcket!<\/li>\n\n\n\n<li>Apartmanunk kutyabar\u00e1t sz\u00e1ll\u00e1shely. El\u0151zetes k\u00e9r\u00e9sre szob\u00e1nkk\u00e9nt maximum 1 legfeljebb k\u00f6zepes termet\u0171 szobatiszta (\u00e9s j\u00f3lnevelt) kutya hozhat\u00f3. Kutyusonk\u00e9nt 10000 Ft \/\u00e9j fel\u00e1rat sz\u00e1molunk fel, illetve a sz\u00e1ll\u00e1st foglal\u00f3 vend\u00e9g\u00fcnknek nyilatkoznia kell arr\u00f3l, hogy tudom\u00e1sul veszi \u00e9s elfogadja, hogy amennyiben a vele \u00e9rkez\u0151 eb k\u00e1rt okoz a sz\u00e1ll\u00e1shelyen, k\u00e1rt\u00e9r\u00edt\u00e9si felel\u0151ss\u00e9ggel tartozik. K\u00e9rj\u00fck, hogy a kutyusok az apartmanh\u00e1z melletti k\u00f6zvetlen z\u00f6ld ter\u00fcletre ne piszk\u00edtsanak! A bej\u00e1ratn\u00e1l tal\u00e1lhat\u00f3 t\u00fck\u00f6r alatti polcon mindig tal\u00e1lnak zacsk\u00f3t a s\u00e9ta idej\u00e9re, ha nem hoztak, vagy ha elfogyna. A csomagokat k\u00e9rj\u00fck, hogy \u00f6sszek\u00f6tve helyezz\u00e9k a k\u00fcls\u0151 hullad\u00e9kt\u00e1rol\u00f3ba! K\u00f6sz\u00f6nj\u00fck!<\/li>\n\n\n\n<li>H\u00e1zi\u00e1llatot enged\u00e9ly n\u00e9lk\u00fcl az apartmanba behozni tilos!<br>Kuty\u00e1n k\u00edv\u00fcl m\u00e1s h\u00e1zi\u00e1llatot nem fogadunk!<\/li>\n\n\n\n<li>Apartmanunk kamer\u00e1val \u0151rz\u00f6tt t\u00e1gas parkol\u00f3val rendelkezik, mely az elv\u00e1laszt\u00f3 n\u00f6v\u00e9nysorig d\u00edjmentesen sz\u00e1ll\u00f3vend\u00e9geink rendelkez\u00e9s\u00e9re \u00e1ll. (A h\u00e1ts\u00f3 parkol\u00f3k a szem\u00e9lyzet r\u00e9sz\u00e9re vannak fenntartva.)<\/li>\n\n\n\n<li>A V\u00e1rkonyi Vend\u00e9gl\u00e1t\u00f3 Kft. tagja a Gyulai Idegenforgalmi Egyes\u00fcletnek, \u00edgy a vend\u00e9geink sz\u00e1m\u00e1ra lehet\u0151s\u00e9g ny\u00edlik Visit Gyula Card, gyulai kedvezm\u00e9nyk\u00e1rtya regisztr\u00e1ci\u00f3j\u00e1ra. A v\u00e1ros sz\u00e1mos pontj\u00e1n ig\u00e9nybevehet\u0151 kedvezm\u00e9nyek megismer\u00e9s\u00e9hez \u00e9s a k\u00e1rtya regisztr\u00e1ci\u00f3j\u00e1hoz keress\u00e9k fel a www.visitgyula.com weboldalt, ahol a Visit Gyula Card men\u00fcpont alatt, a V\u00e1rkonyi Apartmant kiv\u00e1lasztva el tudj\u00e1k v\u00e9gezni a regisztr\u00e1ci\u00f3jukat. Az oldalon emellett az esem\u00e9nyek men\u00fcpontban minden aktu\u00e1lis programaj\u00e1nlatot megtal\u00e1lnak, k\u00e9rj\u00fck, a napind\u00edt\u00f3 programjuk sor\u00e1n vessenek egy pillant\u00e1st erre a men\u00fcpontra!<\/li>\n\n\n\n<li>Rossz id\u0151 eset\u00e9n a hallban elhelyezett eserny\u0151tart\u00f3ban tal\u00e1lhat\u00f3 erny\u0151ket szabadon ig\u00e9nybe vehetik, melyeket k\u00e9r\u00fcnk, hogy haszn\u00e1lat ut\u00e1n ugyanide helyezzenek vissza!<\/li>\n\n\n\n<li>Cip\u0151\u00e1pol\u00f3 szerek \u00e9s varr\u00f3k\u00e9szlet minden apartmanban megtal\u00e1lhat\u00f3, k\u00e9rj\u00fck keress\u00e9k a szekr\u00e9nyekben!<\/li>\n\n\n\n<li>Vend\u00e9geink k\u00e9r\u00e9s\u00e9re biztos\u00edtani tudunk vasal\u00e1si lehet\u0151s\u00e9get.<\/li>\n\n\n\n<li>A szobai pl\u00e9den fel\u00fcl sz\u00fcks\u00e9g eset\u00e9n tov\u00e1bbi plusz takar\u00f3t is biztos\u00edtunk, amennyiben azt k\u00e9rik.<\/li>\n\n\n\n<li>Az apartmanokban doh\u00e1nyozni tilos!<br>A doh\u00e1nyz\u00e1s a kijel\u00f6lt helyeken: a teraszon, erk\u00e9lyeken, illetve az udvarban, szabadt\u00e9ren enged\u00e9lyezett!<\/li>\n\n\n\n<li>Az apartmant vend\u00e9geinknek frissen takar\u00edtva adjuk \u00e1t.<br>K\u00e9r\u00e9s\u00fckre a tart\u00f3zkod\u00e1suk ideje alatt (fel\u00e1r ellen\u00e9ben) napi takar\u00edt\u00e1st v\u00e9gz\u00fcnk.<\/li>\n\n\n\n<li>3 vend\u00e9g\u00e9jszak\u00e1t meghalad\u00f3 tart\u00f3zkod\u00e1s eset\u00e9n k\u00e9r\u00e9s\u00fckre fel\u00e1r n\u00e9lk\u00fcl biztos\u00edtunk takar\u00edt\u00e1st, \u00e1gynem\u0171 \u00e9s t\u00f6r\u00f6lk\u00f6z\u0151cser\u00e9t.<\/li>\n\n\n\n<li>Fel\u00e1r n\u00e9lk\u00fcl biztos\u00edtott az alapszolg\u00e1ltat\u00e1s r\u00e9szek\u00e9nt a heti takar\u00edt\u00e1s, t\u00f6r\u00f6lk\u00f6z\u0151 \u00e9s \u00e1gynem\u0171csere, melyet k\u00e9r\u00e9s n\u00e9lk\u00fcl is, az \u00d6n\u00f6kkel egyeztetett id\u0151pontban v\u00e9gz\u00fcnk el.<\/li>\n\n\n\n<li>K\u00e9rj\u00fck, hogy t\u00e1voz\u00e1skor az apartmant rendezetten \u00e9s s\u00e9rtetlen\u00fcl adj\u00e1k \u00e1t!<\/li>\n\n\n\n<li>Amennyiben a tart\u00f3zkod\u00e1suk ideje alatt a szemetes megtelik az apartmanban, a z\u00e1rt szemeteszs\u00e1kot a kapu mellett tal\u00e1lhat\u00f3 ipari szemetesben helyezhetik el. Csere szemeteszs\u00e1kot biztos\u00edtunk, melyet a konyhasarok fi\u00f3kj\u00e1ban tal\u00e1lnak meg.<\/li>\n\n\n\n<li>A sz\u00e1ll\u00e1shelyen hagyott \u00e9rt\u00e9keik\u00e9rt felel\u0151ss\u00e9get nem tudunk v\u00e1llalni. \u00c9rt\u00e9keik meg\u0151rz\u00e9se \u00e9rdek\u00e9ben k\u00e9rj\u00fck, hogy haszn\u00e1lj\u00e1k a szob\u00e1juk szekr\u00e9ny\u00e9ben elhelyezett sz\u00e9fet, melyhez mell\u00e9kelt\u00fcnk haszn\u00e1lati \u00fatmutat\u00f3t is.<\/li>\n\n\n\n<li>A szob\u00e1ban tal\u00e1lhat\u00f3 belt\u00e9ri h\u0171t\u0151-f\u0171t\u0151 kl\u00edmaegys\u00e9gek csak z\u00e1rt ny\u00edl\u00e1sz\u00e1r\u00f3k mellett m\u0171k\u00f6dnek, k\u00e9rj\u00fck, hogy figyeljenek rendeltet\u00e9sszer\u0171 haszn\u00e1latukra!<\/li>\n\n\n\n<li>Amikor kir\u00e1ndulni indulnak, vagy b\u00e1rmilyen okb\u00f3l elhagyj\u00e1k az apartmant, k\u00e9rj\u00fck, hogy csukj\u00e1k be az ajt\u00f3t \u00e9s az ablakokat! Kapcsolj\u00e1k le a vil\u00e1g\u00edt\u00e1st, az elektromos eszk\u00f6z\u00f6ket, bele\u00e9rtve (ny\u00e1ri k\u00e1nikul\u00e1t \u00e9s a t\u00e9li nagy hidegeket kiv\u00e9ve) a kl\u00edm\u00e1t is, \u00e9s z\u00e1rj\u00e1k el a csapokat, ha kimennek a sz\u00e1ll\u00e1segys\u00e9gb\u0151l.<\/li>\n\n\n\n<li>A bel\u00e9p\u0151 k\u00e1rty\u00e1k esetleges elveszt\u00e9se, valamint a szob\u00e1ban tal\u00e1lhat\u00f3 t\u00e1vir\u00e1ny\u00edt\u00f3k, \u00e9s belt\u00e9ri egys\u00e9gek (kl\u00edma, TV) s\u00e9r\u00fcl\u00e9se, vagy meghib\u00e1sod\u00e1sa eset\u00e9n k\u00e9rj\u00fck, hogy halad\u00e9ktalanul jelezzenek fel\u00e9nk!<\/li>\n\n\n\n<li>Az apartmanban l\u00e9v\u0151 berendez\u00e9si t\u00e1rgyakat \u00e9s b\u00fatorokat \u00e1trendezni tilos!<\/li>\n\n\n\n<li>Amennyiben a tart\u00f3zkod\u00e1s alatt az apartmannal kapcsolatban b\u00e1rmilyen probl\u00e9ma mer\u00fcl fel, k\u00e9rj\u00fck, hogy halad\u00e9ktalanul \u00e9rtes\u00edtsenek benn\u00fcnket!<br>Ut\u00f3lagos reklam\u00e1ci\u00f3t nem \u00e1ll m\u00f3dunkban elfogadni!<\/li>\n\n\n\n<li>A nem rendeltet\u00e9sszer\u0171 haszn\u00e1lattal okozott k\u00e1r\u00e9rt vend\u00e9geink anyagi felel\u0151ss\u00e9ggel tartoznak. Az okozott k\u00e1rt k\u00f6telesek a sz\u00e1ll\u00e1sad\u00f3nak a helysz\u00ednen megt\u00e9r\u00edteni.<br>Amennyiben olyan m\u00e9rt\u00e9k\u0171 k\u00e1rokoz\u00e1s t\u00f6rt\u00e9nik, amely ellehetetlen\u00edti a tov\u00e1bbi tart\u00f3zkod\u00e1st, vend\u00e9geinknek azonnal el kell hagyniuk az apartmant. K\u00e9rj\u00fck ennek sz\u00edves tudom\u00e1sulv\u00e9tel\u00e9t!<\/li>\n\n\n\n<li>Filmet forgatni az apartman teljes ter\u00fclet\u00e9n szigor\u00faan tilos!<br>Filmforgat\u00e1s kiz\u00e1r\u00f3lag a tulajdonos tudt\u00e1val, \u00e9s r\u00e9szletes \u00edr\u00e1sos enged\u00e9ly\u00e9vel lehets\u00e9ges!<br>Kellemes id\u0151t\u00f6lt\u00e9st, j\u00f3 pihen\u00e9st k\u00edv\u00e1nunk!<br>V\u00e1rkonyi Apartman<\/li>\n<\/ol>\n\n\n\n<p><\/p>\n","protected":false},"excerpt":{"rendered":"<p>Kedves Vend\u00e9geink!K\u00f6sz\u00f6nj\u00fck, hogy a V\u00e1rkonyi Apartmant v\u00e1lasztott\u00e1k gyulai tart\u00f3zkod\u00e1suk idej\u00e9re!Apartmanunkban elt\u00f6lt\u00f6tt zavartalan \u00fcd\u00fcl\u00e9s\u00fck \u00e9rdek\u00e9ben, k\u00e9rj\u00fck, ismerj\u00e9k meg h\u00e1zirend\u00fcnket!<\/p>\n","protected":false},"author":2,"featured_media":0,"parent":0,"menu_order":0,"comment_status":"closed","ping_status":"closed","template":"","meta":{"ngg_post_thumbnail":0,"footnotes":""},"class_list":["post-448","page","type-page","status-publish","hentry","latest_post"],"yoast_head":"<!-- This site is optimized with the Yoast SEO plugin v26.0 - https:\/\/yoast.com\/wordpress\/plugins\/seo\/ -->\n<title>H\u00e1zirend - V\u00e1rkonyi Apartman<\/title>\n<meta name=\"robots\" content=\"index, follow, max-snippet:-1, max-image-preview:large, max-video-preview:-1\" \/>\n<link rel=\"canonical\" href=\"https:\/\/varkonyiapartman.hu\/index.php\/hazirend\/\" \/>\n<meta property=\"og:locale\" content=\"hu_HU\" \/>\n<meta property=\"og:type\" content=\"article\" \/>\n<meta property=\"og:title\" content=\"H\u00e1zirend - V\u00e1rkonyi Apartman\" \/>\n<meta property=\"og:description\" content=\"Kedves Vend\u00e9geink!K\u00f6sz\u00f6nj\u00fck, hogy a V\u00e1rkonyi Apartmant v\u00e1lasztott\u00e1k gyulai tart\u00f3zkod\u00e1suk idej\u00e9re!Apartmanunkban elt\u00f6lt\u00f6tt zavartalan \u00fcd\u00fcl\u00e9s\u00fck \u00e9rdek\u00e9ben, k\u00e9rj\u00fck, ismerj\u00e9k meg h\u00e1zirend\u00fcnket!\" \/>\n<meta property=\"og:url\" content=\"https:\/\/varkonyiapartman.hu\/index.php\/hazirend\/\" \/>\n<meta property=\"og:site_name\" content=\"V\u00e1rkonyi Apartman\" \/>\n<meta property=\"article:modified_time\" content=\"2025-10-01T15:41:13+00:00\" \/>\n<meta name=\"twitter:card\" content=\"summary_large_image\" \/>\n<meta name=\"twitter:label1\" content=\"Becs\u00fclt olvas\u00e1si id\u0151\" \/>\n\t<meta name=\"twitter:data1\" content=\"7 perc\" \/>\n<script type=\"application\/ld+json\" class=\"yoast-schema-graph\">{\"@context\":\"https:\/\/schema.org\",\"@graph\":[{\"@type\":\"WebPage\",\"@id\":\"https:\/\/varkonyiapartman.hu\/index.php\/hazirend\/\",\"url\":\"https:\/\/varkonyiapartman.hu\/index.php\/hazirend\/\",\"name\":\"H\u00e1zirend - V\u00e1rkonyi Apartman\",\"isPartOf\":{\"@id\":\"https:\/\/varkonyiapartman.hu\/#website\"},\"datePublished\":\"2025-10-01T15:27:25+00:00\",\"dateModified\":\"2025-10-01T15:41:13+00:00\",\"breadcrumb\":{\"@id\":\"https:\/\/varkonyiapartman.hu\/index.php\/hazirend\/#breadcrumb\"},\"inLanguage\":\"hu\",\"potentialAction\":[{\"@type\":\"ReadAction\",\"target\":[\"https:\/\/varkonyiapartman.hu\/index.php\/hazirend\/\"]}]},{\"@type\":\"BreadcrumbList\",\"@id\":\"https:\/\/varkonyiapartman.hu\/index.php\/hazirend\/#breadcrumb\",\"itemListElement\":[{\"@type\":\"ListItem\",\"position\":1,\"name\":\"Kezd\u0151lap\",\"item\":\"https:\/\/varkonyiapartman.hu\/\"},{\"@type\":\"ListItem\",\"position\":2,\"name\":\"H\u00e1zirend\"}]},{\"@type\":\"WebSite\",\"@id\":\"https:\/\/varkonyiapartman.hu\/#website\",\"url\":\"https:\/\/varkonyiapartman.hu\/\",\"name\":\"V\u00e1rkonyi Apartman\",\"description\":\"\",\"publisher\":{\"@id\":\"https:\/\/varkonyiapartman.hu\/#organization\"},\"potentialAction\":[{\"@type\":\"SearchAction\",\"target\":{\"@type\":\"EntryPoint\",\"urlTemplate\":\"https:\/\/varkonyiapartman.hu\/?s={search_term_string}\"},\"query-input\":{\"@type\":\"PropertyValueSpecification\",\"valueRequired\":true,\"valueName\":\"search_term_string\"}}],\"inLanguage\":\"hu\"},{\"@type\":\"Organization\",\"@id\":\"https:\/\/varkonyiapartman.hu\/#organization\",\"name\":\"V\u00e1rkonyi Apartman\",\"url\":\"https:\/\/varkonyiapartman.hu\/\",\"logo\":{\"@type\":\"ImageObject\",\"inLanguage\":\"hu\",\"@id\":\"https:\/\/varkonyiapartman.hu\/#\/schema\/logo\/image\/\",\"url\":\"https:\/\/varkonyiapartman.hu\/wp-content\/uploads\/2022\/09\/cropped-Varkonyi-Apartman-logo.png\",\"contentUrl\":\"https:\/\/varkonyiapartman.hu\/wp-content\/uploads\/2022\/09\/cropped-Varkonyi-Apartman-logo.png\",\"width\":400,\"height\":267,\"caption\":\"V\u00e1rkonyi Apartman\"},\"image\":{\"@id\":\"https:\/\/varkonyiapartman.hu\/#\/schema\/logo\/image\/\"}}]}<\/script>\n<!-- \/ Yoast SEO plugin. -->","yoast_head_json":{"title":"H\u00e1zirend - V\u00e1rkonyi Apartman","robots":{"index":"index","follow":"follow","max-snippet":"max-snippet:-1","max-image-preview":"max-image-preview:large","max-video-preview":"max-video-preview:-1"},"canonical":"https:\/\/varkonyiapartman.hu\/index.php\/hazirend\/","og_locale":"hu_HU","og_type":"article","og_title":"H\u00e1zirend - V\u00e1rkonyi Apartman","og_description":"Kedves Vend\u00e9geink!K\u00f6sz\u00f6nj\u00fck, hogy a V\u00e1rkonyi Apartmant v\u00e1lasztott\u00e1k gyulai tart\u00f3zkod\u00e1suk idej\u00e9re!Apartmanunkban elt\u00f6lt\u00f6tt zavartalan \u00fcd\u00fcl\u00e9s\u00fck \u00e9rdek\u00e9ben, k\u00e9rj\u00fck, ismerj\u00e9k meg h\u00e1zirend\u00fcnket!","og_url":"https:\/\/varkonyiapartman.hu\/index.php\/hazirend\/","og_site_name":"V\u00e1rkonyi Apartman","article_modified_time":"2025-10-01T15:41:13+00:00","twitter_card":"summary_large_image","twitter_misc":{"Becs\u00fclt olvas\u00e1si id\u0151":"7 perc"},"schema":{"@context":"https:\/\/schema.org","@graph":[{"@type":"WebPage","@id":"https:\/\/varkonyiapartman.hu\/index.php\/hazirend\/","url":"https:\/\/varkonyiapartman.hu\/index.php\/hazirend\/","name":"H\u00e1zirend - V\u00e1rkonyi Apartman","isPartOf":{"@id":"https:\/\/varkonyiapartman.hu\/#website"},"datePublished":"2025-10-01T15:27:25+00:00","dateModified":"2025-10-01T15:41:13+00:00","breadcrumb":{"@id":"https:\/\/varkonyiapartman.hu\/index.php\/hazirend\/#breadcrumb"},"inLanguage":"hu","potentialAction":[{"@type":"ReadAction","target":["https:\/\/varkonyiapartman.hu\/index.php\/hazirend\/"]}]},{"@type":"BreadcrumbList","@id":"https:\/\/varkonyiapartman.hu\/index.php\/hazirend\/#breadcrumb","itemListElement":[{"@type":"ListItem","position":1,"name":"Kezd\u0151lap","item":"https:\/\/varkonyiapartman.hu\/"},{"@type":"ListItem","position":2,"name":"H\u00e1zirend"}]},{"@type":"WebSite","@id":"https:\/\/varkonyiapartman.hu\/#website","url":"https:\/\/varkonyiapartman.hu\/","name":"V\u00e1rkonyi Apartman","description":"","publisher":{"@id":"https:\/\/varkonyiapartman.hu\/#organization"},"potentialAction":[{"@type":"SearchAction","target":{"@type":"EntryPoint","urlTemplate":"https:\/\/varkonyiapartman.hu\/?s={search_term_string}"},"query-input":{"@type":"PropertyValueSpecification","valueRequired":true,"valueName":"search_term_string"}}],"inLanguage":"hu"},{"@type":"Organization","@id":"https:\/\/varkonyiapartman.hu\/#organization","name":"V\u00e1rkonyi Apartman","url":"https:\/\/varkonyiapartman.hu\/","logo":{"@type":"ImageObject","inLanguage":"hu","@id":"https:\/\/varkonyiapartman.hu\/#\/schema\/logo\/image\/","url":"https:\/\/varkonyiapartman.hu\/wp-content\/uploads\/2022\/09\/cropped-Varkonyi-Apartman-logo.png","contentUrl":"https:\/\/varkonyiapartman.hu\/wp-content\/uploads\/2022\/09\/cropped-Varkonyi-Apartman-logo.png","width":400,"height":267,"caption":"V\u00e1rkonyi Apartman"},"image":{"@id":"https:\/\/varkonyiapartman.hu\/#\/schema\/logo\/image\/"}}]}},"_links":{"self":[{"href":"https:\/\/varkonyiapartman.hu\/index.php\/wp-json\/wp\/v2\/pages\/448","targetHints":{"allow":["GET"]}}],"collection":[{"href":"https:\/\/varkonyiapartman.hu\/index.php\/wp-json\/wp\/v2\/pages"}],"about":[{"href":"https:\/\/varkonyiapartman.hu\/index.php\/wp-json\/wp\/v2\/types\/page"}],"author":[{"embeddable":true,"href":"https:\/\/varkonyiapartman.hu\/index.php\/wp-json\/wp\/v2\/users\/2"}],"replies":[{"embeddable":true,"href":"https:\/\/varkonyiapartman.hu\/index.php\/wp-json\/wp\/v2\/comments?post=448"}],"version-history":[{"count":3,"href":"https:\/\/varkonyiapartman.hu\/index.php\/wp-json\/wp\/v2\/pages\/448\/revisions"}],"predecessor-version":[{"id":454,"href":"https:\/\/varkonyiapartman.hu\/index.php\/wp-json\/wp\/v2\/pages\/448\/revisions\/454"}],"wp:attachment":[{"href":"https:\/\/varkonyiapartman.hu\/index.php\/wp-json\/wp\/v2\/media?parent=448"}],"curies":[{"name":"wp","href":"https:\/\/api.w.org\/{rel}","templated":true}]}}