{"id":193,"date":"2022-09-07T20:13:51","date_gmt":"2022-09-07T20:13:51","guid":{"rendered":"https:\/\/varkonyiapartman.hu\/?page_id=193"},"modified":"2025-10-01T15:17:05","modified_gmt":"2025-10-01T15:17:05","slug":"varkonyi-apartmanok","status":"publish","type":"page","link":"https:\/\/varkonyiapartman.hu\/index.php\/varkonyi-apartmanok\/","title":{"rendered":""},"content":{"rendered":"\n<style>\np:not(.italic) {\n  text-indent: 32px;\n}\n<\/style>\n\n\n\n<p>2022. szeptember\u00e9ben ny\u00edlt Apartmanunk Gyula sz\u00edv\u00e9ben, \ua673\ua673\ua673\ua673\ua673-os, sz\u00e1llodai sz\u00ednvonal\u00fa k\u00f6rnyezetben v\u00e1rja kedves vend\u00e9geit. 9 k\u00fcl\u00f6n\u00e1ll\u00f3 szob\u00e1nkban 20 f\u0151 sz\u00e1m\u00e1ra tudunk sz\u00e1ll\u00e1st biztos\u00edtani.<br>Szob\u00e1ink nagy m\u00e9ret\u0171 (200*180 cm) \u00e1gyakkal, saj\u00e1t, zuhanyz\u00f3s f\u00fcrd\u0151szob\u00e1val \u00e9s j\u00f3l felszerelt konyh\u00e1val rendelkeznek. 9 szob\u00e1nk k\u00f6z\u00fcl 6 szob\u00e1hoz k\u00fcl\u00f6n\u00e1ll\u00f3 terasz\/erk\u00e9ly, a f\u00f6ldszinti, v\u00e1rosra n\u00e9z\u0151 szob\u00e1inkhoz k\u00f6z\u00f6s haszn\u00e1lat\u00fa terasz \u00e9s kertib\u00fator tartozik.<br>Kisgyermekkel \u00e9rkez\u0151 vend\u00e9geink sz\u00e1m\u00e1ra ig\u00e9ny eset\u00e9n baba\u00e1gyat, pelenk\u00e1z\u00f3t, kisk\u00e1dat, illetve etet\u0151sz\u00e9ket d\u00edjmentesen biztos\u00edtunk.<br>A szob\u00e1kat vend\u00e9geink az \u00e9rkez\u00e9s napj\u00e1n 14:00-t\u00f3l, a sz\u00e1mukra legk\u00e9nyelmesebb id\u0151pontban foglalhatj\u00e1k el, k\u00f6sz\u00f6nhet\u0151en a k\u00e1rtyasz\u00e9fes rendszer\u00fcnknek, amely lehet\u0151v\u00e9 teszi a szem\u00e9lyes \u00e1tad\u00e1s n\u00e9lk\u00fcli bel\u00e9p\u0151k\u00e1rtya \u00e1tv\u00e9telt.<br>Apartmanunk t\u00e1gas, kamer\u00e1val \u0151rz\u00f6tt parkol\u00f3val rendelkezik, melyet sz\u00e1ll\u00f3vend\u00e9geink ingyenesen haszn\u00e1lhatnak az itt tart\u00f3zkod\u00e1suk ideje alatt.<br>A V\u00e1rkonyi Apartman kutyabar\u00e1t sz\u00e1ll\u00e1shely. Szob\u00e1nkk\u00e9nt maximum 2 kistermet\u0171, vagy 1 k\u00f6zepes termet\u0171 szobatiszta (\u00e9s j\u00f3lnevelt) kutya hozhat\u00f3. Kutyusonk\u00e9nt fel\u00e1rat sz\u00e1molunk fel!<br>Amennyiben kedvenc\u00e9vel \u00e9rkezne, k\u00e9rj\u00fck jelezze azt el\u0151zetesen fel\u00e9nk, hogy \u00e9rkez\u00e9s\u00fckre kutyus\u00e1nak is bek\u00e9sz\u00edthess\u00fcnk mindent, amire sz\u00fcks\u00e9ge lehet!<\/p>\n\n\n\n<p>A V\u00e1rkonyi Apartman a min\u0151s\u00e9gi \u00e9teleir\u0151l \u00e9s sz\u00e9les bork\u00edn\u00e1lat\u00e1r\u00f3l ismert V\u00e1rkonyi Bisztr\u00f3 &amp; B\u00e1r t\u0151szomsz\u00e9ds\u00e1g\u00e1ban tal\u00e1lhat\u00f3, melyhez sz\u00e1ll\u00f3vend\u00e9geinknek k\u00f6zvetlen \u00e1tj\u00e1r\u00e1st biztos\u00edtunk apartmanunk hallj\u00e1b\u00f3l. Az \u00e9tterem minden nap 11:00 &#8211; 22:00 k\u00f6z\u00f6tti nyitvatart\u00e1ssal v\u00e1rja vend\u00e9geit. H\u00e9tk\u00f6znapokon 11:30-14:00 k\u00f6z\u00f6tt az \u00e0 la carte \u00e9tkez\u00e9s mellett men\u00fceb\u00e9dre is lehet\u0151s\u00e9g van.<\/p>\n\n\n\n<p><em>Sz\u00e1ll\u00e1shely\u00fcnk\u00f6n SZ\u00c9P-k\u00e1rty\u00e1t elfogadunk!<\/em><\/p>\n\n\n\n<p class=\"italic\"><em>Legyen \u00d6n a k\u00f6vetkez\u0151 vend\u00e9g\u00fcnk!<br>V\u00e1rjuk szeretettel!<br>V\u00e1rkonyi Apartman\n+36308712204\ninfo@varkonyiapartman.hu<\/em><\/p>\n\n\n\nngg_shortcode_0_placeholder\n\n\n\nngg_shortcode_1_placeholder\n","protected":false},"excerpt":{"rendered":"<p>2022. szeptember\u00e9ben ny\u00edlt Apartmanunk Gyula sz\u00edv\u00e9ben, \ua673\ua673\ua673\ua673\ua673-os, sz\u00e1llodai sz\u00ednvonal\u00fa k\u00f6rnyezetben v\u00e1rja kedves vend\u00e9geit. 9 k\u00fcl\u00f6n\u00e1ll\u00f3 szob\u00e1nkban 20 f\u0151 sz\u00e1m\u00e1ra tudunk sz\u00e1ll\u00e1st biztos\u00edtani.Szob\u00e1ink nagy m\u00e9ret\u0171 (200*180 &hellip; <\/p>\n","protected":false},"author":1,"featured_media":0,"parent":0,"menu_order":0,"comment_status":"closed","ping_status":"closed","template":"","meta":{"ngg_post_thumbnail":0,"footnotes":""},"class_list":["post-193","page","type-page","status-publish","hentry","latest_post"],"yoast_head":"<!-- This site is optimized with the Yoast SEO plugin v26.0 - https:\/\/yoast.com\/wordpress\/plugins\/seo\/ -->\n<title>- V\u00e1rkonyi Apartman<\/title>\n<meta name=\"robots\" content=\"index, follow, max-snippet:-1, max-image-preview:large, max-video-preview:-1\" \/>\n<link rel=\"canonical\" href=\"https:\/\/varkonyiapartman.hu\/index.php\/varkonyi-apartmanok\/\" \/>\n<meta property=\"og:locale\" content=\"hu_HU\" \/>\n<meta property=\"og:type\" content=\"article\" \/>\n<meta property=\"og:title\" content=\"- V\u00e1rkonyi Apartman\" \/>\n<meta property=\"og:description\" content=\"2022. szeptember\u00e9ben ny\u00edlt Apartmanunk Gyula sz\u00edv\u00e9ben, \ua673\ua673\ua673\ua673\ua673-os, sz\u00e1llodai sz\u00ednvonal\u00fa k\u00f6rnyezetben v\u00e1rja kedves vend\u00e9geit. 9 k\u00fcl\u00f6n\u00e1ll\u00f3 szob\u00e1nkban 20 f\u0151 sz\u00e1m\u00e1ra tudunk sz\u00e1ll\u00e1st biztos\u00edtani.Szob\u00e1ink nagy m\u00e9ret\u0171 (200*180 &hellip;\" \/>\n<meta property=\"og:url\" content=\"https:\/\/varkonyiapartman.hu\/index.php\/varkonyi-apartmanok\/\" \/>\n<meta property=\"og:site_name\" content=\"V\u00e1rkonyi Apartman\" \/>\n<meta property=\"article:modified_time\" content=\"2025-10-01T15:17:05+00:00\" \/>\n<meta name=\"twitter:card\" content=\"summary_large_image\" \/>\n<meta name=\"twitter:label1\" content=\"Becs\u00fclt olvas\u00e1si id\u0151\" \/>\n\t<meta name=\"twitter:data1\" content=\"2 perc\" \/>\n<script type=\"application\/ld+json\" class=\"yoast-schema-graph\">{\"@context\":\"https:\/\/schema.org\",\"@graph\":[{\"@type\":\"WebPage\",\"@id\":\"https:\/\/varkonyiapartman.hu\/index.php\/varkonyi-apartmanok\/\",\"url\":\"https:\/\/varkonyiapartman.hu\/index.php\/varkonyi-apartmanok\/\",\"name\":\"- V\u00e1rkonyi Apartman\",\"isPartOf\":{\"@id\":\"https:\/\/varkonyiapartman.hu\/#website\"},\"datePublished\":\"2022-09-07T20:13:51+00:00\",\"dateModified\":\"2025-10-01T15:17:05+00:00\",\"inLanguage\":\"hu\",\"potentialAction\":[{\"@type\":\"ReadAction\",\"target\":[\"https:\/\/varkonyiapartman.hu\/index.php\/varkonyi-apartmanok\/\"]}]},{\"@type\":\"WebSite\",\"@id\":\"https:\/\/varkonyiapartman.hu\/#website\",\"url\":\"https:\/\/varkonyiapartman.hu\/\",\"name\":\"V\u00e1rkonyi Apartman\",\"description\":\"\",\"publisher\":{\"@id\":\"https:\/\/varkonyiapartman.hu\/#organization\"},\"potentialAction\":[{\"@type\":\"SearchAction\",\"target\":{\"@type\":\"EntryPoint\",\"urlTemplate\":\"https:\/\/varkonyiapartman.hu\/?s={search_term_string}\"},\"query-input\":{\"@type\":\"PropertyValueSpecification\",\"valueRequired\":true,\"valueName\":\"search_term_string\"}}],\"inLanguage\":\"hu\"},{\"@type\":\"Organization\",\"@id\":\"https:\/\/varkonyiapartman.hu\/#organization\",\"name\":\"V\u00e1rkonyi Apartman\",\"url\":\"https:\/\/varkonyiapartman.hu\/\",\"logo\":{\"@type\":\"ImageObject\",\"inLanguage\":\"hu\",\"@id\":\"https:\/\/varkonyiapartman.hu\/#\/schema\/logo\/image\/\",\"url\":\"https:\/\/varkonyiapartman.hu\/wp-content\/uploads\/2022\/09\/cropped-Varkonyi-Apartman-logo.png\",\"contentUrl\":\"https:\/\/varkonyiapartman.hu\/wp-content\/uploads\/2022\/09\/cropped-Varkonyi-Apartman-logo.png\",\"width\":400,\"height\":267,\"caption\":\"V\u00e1rkonyi Apartman\"},\"image\":{\"@id\":\"https:\/\/varkonyiapartman.hu\/#\/schema\/logo\/image\/\"}}]}<\/script>\n<!-- \/ Yoast SEO plugin. -->","yoast_head_json":{"title":"- V\u00e1rkonyi Apartman","robots":{"index":"index","follow":"follow","max-snippet":"max-snippet:-1","max-image-preview":"max-image-preview:large","max-video-preview":"max-video-preview:-1"},"canonical":"https:\/\/varkonyiapartman.hu\/index.php\/varkonyi-apartmanok\/","og_locale":"hu_HU","og_type":"article","og_title":"- V\u00e1rkonyi Apartman","og_description":"2022. szeptember\u00e9ben ny\u00edlt Apartmanunk Gyula sz\u00edv\u00e9ben, \ua673\ua673\ua673\ua673\ua673-os, sz\u00e1llodai sz\u00ednvonal\u00fa k\u00f6rnyezetben v\u00e1rja kedves vend\u00e9geit. 9 k\u00fcl\u00f6n\u00e1ll\u00f3 szob\u00e1nkban 20 f\u0151 sz\u00e1m\u00e1ra tudunk sz\u00e1ll\u00e1st biztos\u00edtani.Szob\u00e1ink nagy m\u00e9ret\u0171 (200*180 &hellip;","og_url":"https:\/\/varkonyiapartman.hu\/index.php\/varkonyi-apartmanok\/","og_site_name":"V\u00e1rkonyi Apartman","article_modified_time":"2025-10-01T15:17:05+00:00","twitter_card":"summary_large_image","twitter_misc":{"Becs\u00fclt olvas\u00e1si id\u0151":"2 perc"},"schema":{"@context":"https:\/\/schema.org","@graph":[{"@type":"WebPage","@id":"https:\/\/varkonyiapartman.hu\/index.php\/varkonyi-apartmanok\/","url":"https:\/\/varkonyiapartman.hu\/index.php\/varkonyi-apartmanok\/","name":"- V\u00e1rkonyi Apartman","isPartOf":{"@id":"https:\/\/varkonyiapartman.hu\/#website"},"datePublished":"2022-09-07T20:13:51+00:00","dateModified":"2025-10-01T15:17:05+00:00","inLanguage":"hu","potentialAction":[{"@type":"ReadAction","target":["https:\/\/varkonyiapartman.hu\/index.php\/varkonyi-apartmanok\/"]}]},{"@type":"WebSite","@id":"https:\/\/varkonyiapartman.hu\/#website","url":"https:\/\/varkonyiapartman.hu\/","name":"V\u00e1rkonyi Apartman","description":"","publisher":{"@id":"https:\/\/varkonyiapartman.hu\/#organization"},"potentialAction":[{"@type":"SearchAction","target":{"@type":"EntryPoint","urlTemplate":"https:\/\/varkonyiapartman.hu\/?s={search_term_string}"},"query-input":{"@type":"PropertyValueSpecification","valueRequired":true,"valueName":"search_term_string"}}],"inLanguage":"hu"},{"@type":"Organization","@id":"https:\/\/varkonyiapartman.hu\/#organization","name":"V\u00e1rkonyi Apartman","url":"https:\/\/varkonyiapartman.hu\/","logo":{"@type":"ImageObject","inLanguage":"hu","@id":"https:\/\/varkonyiapartman.hu\/#\/schema\/logo\/image\/","url":"https:\/\/varkonyiapartman.hu\/wp-content\/uploads\/2022\/09\/cropped-Varkonyi-Apartman-logo.png","contentUrl":"https:\/\/varkonyiapartman.hu\/wp-content\/uploads\/2022\/09\/cropped-Varkonyi-Apartman-logo.png","width":400,"height":267,"caption":"V\u00e1rkonyi Apartman"},"image":{"@id":"https:\/\/varkonyiapartman.hu\/#\/schema\/logo\/image\/"}}]}},"_links":{"self":[{"href":"https:\/\/varkonyiapartman.hu\/index.php\/wp-json\/wp\/v2\/pages\/193","targetHints":{"allow":["GET"]}}],"collection":[{"href":"https:\/\/varkonyiapartman.hu\/index.php\/wp-json\/wp\/v2\/pages"}],"about":[{"href":"https:\/\/varkonyiapartman.hu\/index.php\/wp-json\/wp\/v2\/types\/page"}],"author":[{"embeddable":true,"href":"https:\/\/varkonyiapartman.hu\/index.php\/wp-json\/wp\/v2\/users\/1"}],"replies":[{"embeddable":true,"href":"https:\/\/varkonyiapartman.hu\/index.php\/wp-json\/wp\/v2\/comments?post=193"}],"version-history":[{"count":9,"href":"https:\/\/varkonyiapartman.hu\/index.php\/wp-json\/wp\/v2\/pages\/193\/revisions"}],"predecessor-version":[{"id":351,"href":"https:\/\/varkonyiapartman.hu\/index.php\/wp-json\/wp\/v2\/pages\/193\/revisions\/351"}],"wp:attachment":[{"href":"https:\/\/varkonyiapartman.hu\/index.php\/wp-json\/wp\/v2\/media?parent=193"}],"curies":[{"name":"wp","href":"https:\/\/api.w.org\/{rel}","templated":true}]}}